{"id":1968,"date":"2023-09-28T12:08:11","date_gmt":"2023-09-28T10:08:11","guid":{"rendered":"https:\/\/labo-cer.com\/nuovosito\/prodotti\/piste-tattili\/"},"modified":"2024-05-16T11:04:54","modified_gmt":"2024-05-16T09:04:54","slug":"tactile-paths","status":"publish","type":"page","link":"https:\/\/labo-cer.com\/en\/products\/tactile-paths\/","title":{"rendered":"TACTILE PATHS"},"content":{"rendered":"\n<p>We produce porcelain tiles with different textures and relief. This product is generally used in street furniture, as it is slip-resistant and is mainly applied in marking paths for the vision impaired. You will find our tactile paths inside airports, in urban areas, railway stations and undergrounds.<\/p>\n\n\n\n<p>This product is available in different thicknesses, sizes and colours.<\/p>\n\n\n\n<p>We make any structure and\/or relief, according to the regulations in each country with extensive customisation possibilities. In the case of specific requests, a fee is charged for specific moulds and a minimum production quantity must be agreed upon.<\/p>\n\n\n\n<div class=\"wp-block-columns is-layout-flex wp-container-core-columns-is-layout-1 wp-block-columns-is-layout-flex\">\n<div class=\"wp-block-column is-layout-flow wp-block-column-is-layout-flow\">\n<figure class=\"wp-block-image size-large\"><img decoding=\"async\" loading=\"lazy\" width=\"1024\" height=\"848\" src=\"https:\/\/labo-cer.com\/nuovosito\/wp-content\/uploads\/gamma-piste-tattili-1024x848.jpg\" alt=\"\" class=\"wp-image-1373\" srcset=\"https:\/\/labo-cer.com\/nuovosito\/wp-content\/uploads\/gamma-piste-tattili-980x812.jpg 980w, https:\/\/labo-cer.com\/nuovosito\/wp-content\/uploads\/gamma-piste-tattili-480x398.jpg 480w\" sizes=\"(min-width: 0px) and (max-width: 480px) 480px, (min-width: 481px) and (max-width: 980px) 980px, (min-width: 981px) 1024px, 100vw\" \/><\/figure>\n<\/div>\n\n\n\n<div class=\"wp-block-column is-layout-flow wp-block-column-is-layout-flow\">\n<div style=\"height:50px\" aria-hidden=\"true\" class=\"wp-block-spacer\"><\/div>\n\n\n\n<h2 class=\"wp-block-heading\">Where you will find our tactile paths<\/h2>\n\n\n\n<ul>\n<li>Berlin, London-Heathrow, Singapore and Milan airports<\/li>\n\n\n\n<li>Urban areas Arc de Triomphe in Paris<\/li>\n\n\n\n<li>Rome, Milan, Berlin and Frankfurt railway stations<\/li>\n\n\n\n<li>London, Frankfurt, Milan and Rome Underground<\/li>\n<\/ul>\n\n\n\n<div style=\"height:50px\" aria-hidden=\"true\" class=\"wp-block-spacer\"><\/div>\n\n\n\n<h2 class=\"wp-block-heading\">Discover the catalogue<\/h2>\n\n\n\n<figure class=\"wp-block-image size-full is-resized is-style-default\"><a href=\"https:\/\/labo-cer.com\/catalogo\/catalogo-piste-tattili.pdf\"><img decoding=\"async\" loading=\"lazy\" width=\"724\" height=\"1024\" src=\"https:\/\/labo-cer.com\/nuovosito\/wp-content\/uploads\/catalogo-tack-title-labocer-724x1024-1.jpg\" alt=\"\" class=\"wp-image-1400\" style=\"width:200px\" srcset=\"https:\/\/labo-cer.com\/nuovosito\/wp-content\/uploads\/catalogo-tack-title-labocer-724x1024-1.jpg 724w, https:\/\/labo-cer.com\/nuovosito\/wp-content\/uploads\/catalogo-tack-title-labocer-724x1024-1-480x679.jpg 480w\" sizes=\"(min-width: 0px) and (max-width: 480px) 480px, (min-width: 481px) 724px, 100vw\" \/><\/a><\/figure>\n<\/div>\n<\/div>\n\n\n\n<figure class=\"wp-block-video\"><video controls src=\"https:\/\/labo-cer.com\/nuovosito\/wp-content\/uploads\/Labo-Cer_Piste-Tattili_WEB.mp4\"><\/video><\/figure>\n","protected":false},"excerpt":{"rendered":"<p>We produce porcelain tiles with different textures and relief. This product is generally used in street furniture, as it is slip-resistant and is mainly applied in marking paths for the vision impaired. You will find our tactile paths inside airports, in urban areas, railway stations and undergrounds. This product is available in different thicknesses, sizes [&hellip;]<\/p>\n","protected":false},"author":1,"featured_media":1870,"parent":1963,"menu_order":0,"comment_status":"closed","ping_status":"closed","template":"","meta":{"_et_pb_use_builder":"off","_et_pb_old_content":"<!-- wp:paragraph -->\n<p>Realizziamo piastre in gres porcellanato con differenti strutture e rilievi. Questo prodotto viene generalmente impiegato nell'arredo urbano, essendo resistente allo scivolamento, applicato principalmente nel delimitare percorsi per non vedenti. <span style=\"font-size: revert;\">Trovi le nostre piste tattili all'interno di aeroporti, nelle aree urbane, stazioni ferroviarie e metropolitane<\/span>.<\/p>\n<!-- \/wp:paragraph -->\n\n<!-- wp:paragraph -->\n<p>E' un prodotto disponibile in diversi spessori, dimensioni e colori.<\/p>\n<!-- \/wp:paragraph -->\n\n<!-- wp:paragraph -->\n<p>Realizziamo qualsiasi struttura e\/o rilievo, secondo le normative vigenti in ogni paese con ampie possibilit\u00e0 di personalizzazione. In caso di richieste specifiche, \u00e8 richiesto un contributo spese per specifici stampi ed \u00e8 necessario concordare una quantit\u00e0 minima di produzione. <\/p>\n<!-- \/wp:paragraph -->\n\n<!-- wp:columns -->\n<div class=\"wp-block-columns\"><!-- wp:column -->\n<div class=\"wp-block-column\"><!-- wp:image {\"id\":1373,\"sizeSlug\":\"large\",\"linkDestination\":\"none\"} -->\n<figure class=\"wp-block-image size-large\"><img src=\"https:\/\/labo-cer.com\/nuovosito\/wp-content\/uploads\/gamma-piste-tattili-1024x848.jpg\" alt=\"\" class=\"wp-image-1373\"\/><\/figure>\n<!-- \/wp:image --><\/div>\n<!-- \/wp:column -->\n\n<!-- wp:column -->\n<div class=\"wp-block-column\"><!-- wp:spacer {\"height\":\"50px\"} -->\n<div style=\"height:50px\" aria-hidden=\"true\" class=\"wp-block-spacer\"><\/div>\n<!-- \/wp:spacer -->\n\n<!-- wp:heading -->\n<h2 class=\"wp-block-heading\">Dove trovi le nostre piste tattili<\/h2>\n<!-- \/wp:heading -->\n\n<!-- wp:list -->\n<ul><!-- wp:list-item -->\n<li>Aeroporto di Berlino, Londra-Heathrow, Singapore e Milano<\/li>\n<!-- \/wp:list-item -->\n\n<!-- wp:list-item -->\n<li>Aree urbane Arco di Trionfo a Parigi<\/li>\n<!-- \/wp:list-item -->\n\n<!-- wp:list-item -->\n<li>Stazioni ferroviarie di Roma, Milano, Berlino e Francoforte<\/li>\n<!-- \/wp:list-item -->\n\n<!-- wp:list-item -->\n<li>Metropolitana di Londra, Francoforte, Milano e Roma<\/li>\n<!-- \/wp:list-item --><\/ul>\n<!-- \/wp:list -->\n\n<!-- wp:spacer {\"height\":\"50px\"} -->\n<div style=\"height:50px\" aria-hidden=\"true\" class=\"wp-block-spacer\"><\/div>\n<!-- \/wp:spacer -->\n\n<!-- wp:heading -->\n<h2 class=\"wp-block-heading\">Scopri il catalogo<\/h2>\n<!-- \/wp:heading -->\n\n<!-- wp:image {\"id\":1400,\"width\":\"200px\",\"sizeSlug\":\"full\",\"linkDestination\":\"custom\",\"className\":\"is-resized is-style-default\"} -->\n<figure class=\"wp-block-image size-full is-resized is-style-default\"><a href=\"https:\/\/labo-cer.com\/catalogo\/catalogo-piste-tattili.pdf\"><img src=\"https:\/\/labo-cer.com\/nuovosito\/wp-content\/uploads\/catalogo-tack-title-labocer-724x1024-1.jpg\" alt=\"\" class=\"wp-image-1400\" style=\"width:200px\"\/><\/a><\/figure>\n<!-- \/wp:image --><\/div>\n<!-- \/wp:column --><\/div>\n<!-- \/wp:columns -->","_et_gb_content_width":"","footnotes":""},"yoast_head":"<!-- This site is optimized with the Yoast SEO plugin v21.2 - https:\/\/yoast.com\/wordpress\/plugins\/seo\/ -->\n<title>TACTILE PATHS &#8212; LABO-CER<\/title>\n<meta name=\"robots\" content=\"index, follow, max-snippet:-1, max-image-preview:large, max-video-preview:-1\" \/>\n<link rel=\"canonical\" href=\"https:\/\/labo-cer.com\/en\/products\/tactile-paths\/\" \/>\n<meta property=\"og:locale\" content=\"en_US\" \/>\n<meta property=\"og:type\" content=\"article\" \/>\n<meta property=\"og:title\" content=\"TACTILE PATHS &#8212; LABO-CER\" \/>\n<meta property=\"og:description\" content=\"We produce porcelain tiles with different textures and relief. This product is generally used in street furniture, as it is slip-resistant and is mainly applied in marking paths for the vision impaired. You will find our tactile paths inside airports, in urban areas, railway stations and undergrounds. This product is available in different thicknesses, sizes [&hellip;]\" \/>\n<meta property=\"og:url\" content=\"https:\/\/labo-cer.com\/en\/products\/tactile-paths\/\" \/>\n<meta property=\"og:site_name\" content=\"LABO-CER\" \/>\n<meta property=\"article:modified_time\" content=\"2024-05-16T09:04:54+00:00\" \/>\n<meta property=\"og:image\" content=\"https:\/\/labo-cer.com\/nuovosito\/wp-content\/uploads\/piste-tattili-v1.jpg\" \/>\n\t<meta property=\"og:image:width\" content=\"2500\" \/>\n\t<meta property=\"og:image:height\" content=\"1575\" \/>\n\t<meta property=\"og:image:type\" content=\"image\/jpeg\" \/>\n<meta name=\"twitter:card\" content=\"summary_large_image\" \/>\n<meta name=\"twitter:label1\" content=\"Est. reading time\" \/>\n\t<meta name=\"twitter:data1\" content=\"2 minutes\" \/>\n<script type=\"application\/ld+json\" class=\"yoast-schema-graph\">{\"@context\":\"https:\/\/schema.org\",\"@graph\":[{\"@type\":\"WebPage\",\"@id\":\"https:\/\/labo-cer.com\/en\/products\/tactile-paths\/\",\"url\":\"https:\/\/labo-cer.com\/en\/products\/tactile-paths\/\",\"name\":\"TACTILE PATHS &#8212; LABO-CER\",\"isPartOf\":{\"@id\":\"https:\/\/labo-cer.com\/#website\"},\"datePublished\":\"2023-09-28T10:08:11+00:00\",\"dateModified\":\"2024-05-16T09:04:54+00:00\",\"breadcrumb\":{\"@id\":\"https:\/\/labo-cer.com\/en\/products\/tactile-paths\/#breadcrumb\"},\"inLanguage\":\"en-US\",\"potentialAction\":[{\"@type\":\"ReadAction\",\"target\":[\"https:\/\/labo-cer.com\/en\/products\/tactile-paths\/\"]}]},{\"@type\":\"BreadcrumbList\",\"@id\":\"https:\/\/labo-cer.com\/en\/products\/tactile-paths\/#breadcrumb\",\"itemListElement\":[{\"@type\":\"ListItem\",\"position\":1,\"name\":\"Pezzi speciali per ceramica\",\"item\":\"https:\/\/labo-cer.com\/en\/\"},{\"@type\":\"ListItem\",\"position\":2,\"name\":\"PRODUCTS AND INFORMATION\",\"item\":\"https:\/\/labo-cer.com\/en\/products\/\"},{\"@type\":\"ListItem\",\"position\":3,\"name\":\"TACTILE PATHS\"}]},{\"@type\":\"WebSite\",\"@id\":\"https:\/\/labo-cer.com\/#website\",\"url\":\"https:\/\/labo-cer.com\/\",\"name\":\"LABO-CER\",\"description\":\"Production of special pieces for ceramics\",\"publisher\":{\"@id\":\"https:\/\/labo-cer.com\/#organization\"},\"alternateName\":\"Labo-cer\",\"potentialAction\":[{\"@type\":\"SearchAction\",\"target\":{\"@type\":\"EntryPoint\",\"urlTemplate\":\"https:\/\/labo-cer.com\/?s={search_term_string}\"},\"query-input\":\"required name=search_term_string\"}],\"inLanguage\":\"en-US\"},{\"@type\":\"Organization\",\"@id\":\"https:\/\/labo-cer.com\/#organization\",\"name\":\"LABO-CER\",\"alternateName\":\"Labo-cer Pezzi speciali per ceramica\",\"url\":\"https:\/\/labo-cer.com\/\",\"logo\":{\"@type\":\"ImageObject\",\"inLanguage\":\"en-US\",\"@id\":\"https:\/\/labo-cer.com\/#\/schema\/logo\/image\/\",\"url\":\"https:\/\/labo-cer.com\/nuovosito\/wp-content\/uploads\/logo-1.png\",\"contentUrl\":\"https:\/\/labo-cer.com\/nuovosito\/wp-content\/uploads\/logo-1.png\",\"width\":310,\"height\":55,\"caption\":\"LABO-CER\"},\"image\":{\"@id\":\"https:\/\/labo-cer.com\/#\/schema\/logo\/image\/\"}}]}<\/script>\n<!-- \/ Yoast SEO plugin. -->","yoast_head_json":{"title":"TACTILE PATHS &#8212; LABO-CER","robots":{"index":"index","follow":"follow","max-snippet":"max-snippet:-1","max-image-preview":"max-image-preview:large","max-video-preview":"max-video-preview:-1"},"canonical":"https:\/\/labo-cer.com\/en\/products\/tactile-paths\/","og_locale":"en_US","og_type":"article","og_title":"TACTILE PATHS &#8212; LABO-CER","og_description":"We produce porcelain tiles with different textures and relief. This product is generally used in street furniture, as it is slip-resistant and is mainly applied in marking paths for the vision impaired. You will find our tactile paths inside airports, in urban areas, railway stations and undergrounds. This product is available in different thicknesses, sizes [&hellip;]","og_url":"https:\/\/labo-cer.com\/en\/products\/tactile-paths\/","og_site_name":"LABO-CER","article_modified_time":"2024-05-16T09:04:54+00:00","og_image":[{"width":2500,"height":1575,"url":"https:\/\/labo-cer.com\/nuovosito\/wp-content\/uploads\/piste-tattili-v1.jpg","type":"image\/jpeg"}],"twitter_card":"summary_large_image","twitter_misc":{"Est. reading time":"2 minutes"},"schema":{"@context":"https:\/\/schema.org","@graph":[{"@type":"WebPage","@id":"https:\/\/labo-cer.com\/en\/products\/tactile-paths\/","url":"https:\/\/labo-cer.com\/en\/products\/tactile-paths\/","name":"TACTILE PATHS &#8212; LABO-CER","isPartOf":{"@id":"https:\/\/labo-cer.com\/#website"},"datePublished":"2023-09-28T10:08:11+00:00","dateModified":"2024-05-16T09:04:54+00:00","breadcrumb":{"@id":"https:\/\/labo-cer.com\/en\/products\/tactile-paths\/#breadcrumb"},"inLanguage":"en-US","potentialAction":[{"@type":"ReadAction","target":["https:\/\/labo-cer.com\/en\/products\/tactile-paths\/"]}]},{"@type":"BreadcrumbList","@id":"https:\/\/labo-cer.com\/en\/products\/tactile-paths\/#breadcrumb","itemListElement":[{"@type":"ListItem","position":1,"name":"Pezzi speciali per ceramica","item":"https:\/\/labo-cer.com\/en\/"},{"@type":"ListItem","position":2,"name":"PRODUCTS AND INFORMATION","item":"https:\/\/labo-cer.com\/en\/products\/"},{"@type":"ListItem","position":3,"name":"TACTILE PATHS"}]},{"@type":"WebSite","@id":"https:\/\/labo-cer.com\/#website","url":"https:\/\/labo-cer.com\/","name":"LABO-CER","description":"Production of special pieces for ceramics","publisher":{"@id":"https:\/\/labo-cer.com\/#organization"},"alternateName":"Labo-cer","potentialAction":[{"@type":"SearchAction","target":{"@type":"EntryPoint","urlTemplate":"https:\/\/labo-cer.com\/?s={search_term_string}"},"query-input":"required name=search_term_string"}],"inLanguage":"en-US"},{"@type":"Organization","@id":"https:\/\/labo-cer.com\/#organization","name":"LABO-CER","alternateName":"Labo-cer Pezzi speciali per ceramica","url":"https:\/\/labo-cer.com\/","logo":{"@type":"ImageObject","inLanguage":"en-US","@id":"https:\/\/labo-cer.com\/#\/schema\/logo\/image\/","url":"https:\/\/labo-cer.com\/nuovosito\/wp-content\/uploads\/logo-1.png","contentUrl":"https:\/\/labo-cer.com\/nuovosito\/wp-content\/uploads\/logo-1.png","width":310,"height":55,"caption":"LABO-CER"},"image":{"@id":"https:\/\/labo-cer.com\/#\/schema\/logo\/image\/"}}]}},"_links":{"self":[{"href":"https:\/\/labo-cer.com\/en\/wp-json\/wp\/v2\/pages\/1968"}],"collection":[{"href":"https:\/\/labo-cer.com\/en\/wp-json\/wp\/v2\/pages"}],"about":[{"href":"https:\/\/labo-cer.com\/en\/wp-json\/wp\/v2\/types\/page"}],"author":[{"embeddable":true,"href":"https:\/\/labo-cer.com\/en\/wp-json\/wp\/v2\/users\/1"}],"replies":[{"embeddable":true,"href":"https:\/\/labo-cer.com\/en\/wp-json\/wp\/v2\/comments?post=1968"}],"version-history":[{"count":4,"href":"https:\/\/labo-cer.com\/en\/wp-json\/wp\/v2\/pages\/1968\/revisions"}],"predecessor-version":[{"id":2164,"href":"https:\/\/labo-cer.com\/en\/wp-json\/wp\/v2\/pages\/1968\/revisions\/2164"}],"up":[{"embeddable":true,"href":"https:\/\/labo-cer.com\/en\/wp-json\/wp\/v2\/pages\/1963"}],"wp:featuredmedia":[{"embeddable":true,"href":"https:\/\/labo-cer.com\/en\/wp-json\/wp\/v2\/media\/1870"}],"wp:attachment":[{"href":"https:\/\/labo-cer.com\/en\/wp-json\/wp\/v2\/media?parent=1968"}],"curies":[{"name":"wp","href":"https:\/\/api.w.org\/{rel}","templated":true}]}}